{"id":230,"date":"2019-09-17T08:41:34","date_gmt":"2019-09-17T05:41:34","guid":{"rendered":"https:\/\/proloma.fi\/uusi\/palvelemme-ammattitaidolla-ja-tunteella\/"},"modified":"2026-02-12T09:50:18","modified_gmt":"2026-02-12T07:50:18","slug":"services","status":"publish","type":"page","link":"https:\/\/proloma.fi\/en\/services\/","title":{"rendered":"Local, professional service"},"content":{"rendered":"<h1>Local, professional service<\/h1>\n<div>\n<p>Customer satisfaction is important to us. We aim to be the best Holiday Home Agency in Kuusamo area. Our strong, local profile guarantees you service of the best quality, quickly and efficiently at your disposal.<\/p>\n<p>ProLoma is a company established in 2006. We truly care for our customers and want to help them in the planning of a holiday of their dreams.<\/p>\n<p>The cornerstones of our success are ambition, knowledge, courage, and speed. We work hard to develop our operations, in order to offer our customers the best possible service. Our strength lies in fast response time and well-established and extensive knowledge of the area.<\/p>\n<p>All founding partners of our company have a long history in working in tourism. We are professional tourist agents with extensive contacts in North-East Finland. Our work is customer-oriented, and we take special care in making every client\u2019s stay in the Kuusamo area as successful and memorable as possible.<\/p>\n<\/div>\n<h2>Contact us!<\/h2>\n<div><div class=\"wpforms-container wpforms-container-full\" id=\"wpforms-236\"><form id=\"wpforms-form-236\" class=\"wpforms-validate wpforms-form\" data-formid=\"236\" method=\"post\" enctype=\"multipart\/form-data\" action=\"\/en\/wp-json\/wp\/v2\/pages\/230\" data-token=\"812a03ca35f305a0a94d80fa6ab18c3d\" data-token-time=\"1775616620\"><noscript class=\"wpforms-error-noscript\">Please enable JavaScript in your browser to complete this form.<\/noscript><div class=\"wpforms-field-container\"><div id=\"wpforms-236-field_0-container\" class=\"wpforms-field wpforms-field-name wpforms-one-half wpforms-first\" data-field-id=\"0\"><label class=\"wpforms-field-label\" for=\"wpforms-236-field_0\">Name <span class=\"wpforms-required-label\">*<\/span><\/label><input type=\"text\" id=\"wpforms-236-field_0\" class=\"wpforms-field-large wpforms-field-required\" name=\"wpforms[fields][0]\" required><\/div><div id=\"wpforms-236-field_1-container\" class=\"wpforms-field wpforms-field-email wpforms-one-half\" data-field-id=\"1\"><label class=\"wpforms-field-label\" for=\"wpforms-236-field_1\">Email <span class=\"wpforms-required-label\">*<\/span><\/label><input type=\"email\" id=\"wpforms-236-field_1\" class=\"wpforms-field-large wpforms-field-required\" name=\"wpforms[fields][1]\" spellcheck=\"false\" required><\/div><div id=\"wpforms-236-field_3-container\" class=\"wpforms-field wpforms-field-text wpforms-one-half wpforms-first\" data-field-id=\"3\"><label class=\"wpforms-field-label\" for=\"wpforms-236-field_3\">Telephone <span class=\"wpforms-required-label\">*<\/span><\/label><input type=\"text\" id=\"wpforms-236-field_3\" class=\"wpforms-field-large wpforms-field-required\" name=\"wpforms[fields][3]\" required><\/div><div id=\"wpforms-236-field_4-container\" class=\"wpforms-field wpforms-field-text wpforms-one-half\" data-field-id=\"4\"><label class=\"wpforms-field-label\" for=\"wpforms-236-field_4\">Address<\/label><input type=\"text\" id=\"wpforms-236-field_4\" class=\"wpforms-field-large\" name=\"wpforms[fields][4]\" ><\/div><div id=\"wpforms-236-field_5-container\" class=\"wpforms-field wpforms-field-text\" data-field-id=\"5\"><label class=\"wpforms-field-label\" for=\"wpforms-236-field_5\">Country<\/label><input type=\"text\" id=\"wpforms-236-field_5\" class=\"wpforms-field-large\" name=\"wpforms[fields][5]\" ><\/div><div id=\"wpforms-236-field_2-container\" class=\"wpforms-field wpforms-field-textarea\" data-field-id=\"2\"><label class=\"wpforms-field-label\" for=\"wpforms-236-field_2\">Message<\/label><textarea id=\"wpforms-236-field_2\" class=\"wpforms-field-large\" name=\"wpforms[fields][2]\" ><\/textarea><div class=\"wpforms-field-description\">Tell us your wishes and questions<\/div><\/div><\/div><!-- .wpforms-field-container --><div class=\"wpforms-field wpforms-field-hp\"><label for=\"wpforms-236-field-hp\" class=\"wpforms-field-label\">Phone<\/label><input type=\"text\" name=\"wpforms[hp]\" id=\"wpforms-236-field-hp\" class=\"wpforms-field-medium\"><\/div><div class=\"wpforms-recaptcha-container wpforms-is-recaptcha wpforms-is-recaptcha-type-invisible\" ><div class=\"g-recaptcha\" data-sitekey=\"6LdI2LgUAAAAAHVJtwqSn9F6RxkuuFsTJ6mooLYU\" data-size=\"invisible\"><\/div><\/div><div class=\"wpforms-submit-container\" ><input type=\"hidden\" name=\"wpforms[id]\" value=\"236\"><input type=\"hidden\" name=\"page_title\" value=\"\"><input type=\"hidden\" name=\"page_url\" value=\"https:\/\/proloma.fi\/en\/wp-json\/wp\/v2\/pages\/230\"><input type=\"hidden\" name=\"url_referer\" value=\"\"><button type=\"submit\" name=\"wpforms[submit]\" id=\"wpforms-submit-236\" class=\"wpforms-submit\" data-alt-text=\"Sending...\" data-submit-text=\"Send\" aria-live=\"assertive\" value=\"wpforms-submit\">Send<\/button><\/div><\/form><\/div>  <!-- .wpforms-container --><\/div>\n<p><!--more--><br \/>\n<!-- {\"type\":\"layout\",\"children\":[{\"type\":\"section\",\"props\":{\"header_transparent\":true,\"image\":\"wp-content\\\/uploads\\\/2019\\\/09\\\/winter_scenery.jpg\",\"image_position\":\"center-center\",\"image_size\":\"cover\",\"media_overlay\":\"rgba(0, 0, 0, 0.09)\",\"padding\":\"large\",\"style\":\"default\",\"text_color\":\"light\",\"title_breakpoint\":\"xl\",\"title_position\":\"top-left\",\"title_rotation\":\"left\",\"vertical_align\":\"\",\"width\":\"small\"},\"children\":[{\"type\":\"row\",\"children\":[{\"type\":\"column\",\"props\":{\"image_position\":\"center-center\",\"position_sticky_breakpoint\":\"m\",\"width_medium\":\"1-1\"},\"children\":[{\"type\":\"headline\",\"props\":{\"content\":\"Local, professional service\",\"maxwidth\":\"large\",\"title_element\":\"h1\",\"title_style\":\"heading-small\"}}]}]}]},{\"type\":\"section\",\"props\":{\"image_position\":\"center-center\",\"style\":\"default\",\"title_breakpoint\":\"xl\",\"title_position\":\"top-left\",\"title_rotation\":\"left\",\"vertical_align\":\"\",\"width\":\"small\"},\"children\":[{\"type\":\"row\",\"children\":[{\"type\":\"column\",\"props\":{\"image_position\":\"center-center\",\"position_sticky_breakpoint\":\"m\",\"width_medium\":\"1-1\"},\"children\":[{\"type\":\"text\",\"props\":{\"column_breakpoint\":\"m\",\"content\":\"\n\n<p>Customer satisfaction is important to us. We aim to be the best Holiday Home Agency in Kuusamo area. Our strong, local profile guarantees you service of the best quality, quickly and efficiently at your disposal.<\\\/p>\\n\n\n<p>ProLoma is a company established in 2006. We truly care for our customers and want to help them in the planning of a holiday of their dreams.<\\\/p>\\n\n\n<p>The cornerstones of our success are ambition, knowledge, courage, and speed. We work hard to develop our operations, in order to offer our customers the best possible service. Our strength lies in fast response time and well-established and extensive knowledge of the area.<\\\/p>\\n\n\n<p>All founding partners of our company have a long history in working in tourism. We are professional tourist agents with extensive contacts in North-East Finland. Our work is customer-oriented, and we take special care in making every client\\u2019s stay in the Kuusamo area as successful and memorable as possible.<\\\/p>\",\"margin\":\"default\"}}]}]}]},{\"type\":\"section\",\"props\":{\"image_position\":\"center-center\",\"padding_remove_top\":false,\"style\":\"muted\",\"title_breakpoint\":\"xl\",\"title_position\":\"top-left\",\"title_rotation\":\"left\",\"vertical_align\":\"\",\"width\":\"small\"},\"children\":[{\"type\":\"row\",\"children\":[{\"type\":\"column\",\"props\":{\"image_position\":\"center-center\",\"position_sticky_breakpoint\":\"m\",\"width_medium\":\"1-1\"},\"children\":[{\"type\":\"headline\",\"props\":{\"content\":\"Contact us!\",\"title_element\":\"h2\",\"title_style\":\"h2\"}},{\"type\":\"text\",\"props\":{\"column_breakpoint\":\"m\",\"content\":\"[wpforms id=\\\"236\\\"]\",\"margin\":\"default\"}}]}]}]}],\"version\":\"4.5.33\"} --><\/p>\n","protected":false},"excerpt":{"rendered":"<p>Local, professional service Customer satisfaction is important to us. We aim to be the best Holiday Home Agency in Kuusamo area. Our strong, local profile guarantees you service of the best quality, quickly and efficiently at your disposal. ProLoma is a company established in 2006. We truly care for our customers and want to help [&hellip;]<\/p>\n","protected":false},"author":1,"featured_media":122026,"parent":0,"menu_order":0,"comment_status":"closed","ping_status":"closed","template":"","meta":{"_improvement_type_select":"improve_an_existing","_thumb_yes_seoaic":false,"_frame_yes_seoaic":false,"seoaic_generate_description":"","seoaic_improve_instructions_prompt":"","seoaic_rollback_content_improvement":"","seoaic_idea_thumbnail_generator":"","thumbnail_generated":false,"thumbnail_generate_prompt":"","seoaic_article_description":"","footnotes":""},"class_list":["post-230","page","type-page","status-publish","has-post-thumbnail","hentry"],"yoast_head":"<!-- This site is optimized with the Yoast SEO Premium plugin v26.6 (Yoast SEO v26.6) - https:\/\/yoast.com\/wordpress\/plugins\/seo\/ -->\n<title>Local, professional service - Holiday homes, Ruka-Kuusamo, Finland<\/title>\n<meta name=\"description\" content=\"Holiday Home Agency in Kuusamo area. Our strong, local profile guarantees you service of the best quality, quickly and efficiently at your disposal.\" \/>\n<meta name=\"robots\" content=\"index, follow, max-snippet:-1, max-image-preview:large, max-video-preview:-1\" \/>\n<link rel=\"canonical\" href=\"https:\/\/proloma.fi\/en\/services\/\" \/>\n<meta property=\"og:locale\" content=\"en_US\" \/>\n<meta property=\"og:type\" content=\"article\" \/>\n<meta property=\"og:title\" content=\"Local, professional service\" \/>\n<meta property=\"og:description\" content=\"Holiday Home Agency in Kuusamo area. Our strong, local profile guarantees you service of the best quality, quickly and efficiently at your disposal.\" \/>\n<meta property=\"og:url\" content=\"https:\/\/proloma.fi\/en\/services\/\" \/>\n<meta property=\"og:site_name\" content=\"Holiday homes, Ruka-Kuusamo, Finland\" \/>\n<meta property=\"article:publisher\" content=\"https:\/\/www.facebook.com\/proloma.fi\/\" \/>\n<meta property=\"article:modified_time\" content=\"2026-02-12T07:50:18+00:00\" \/>\n<meta property=\"og:image\" content=\"https:\/\/proloma.fi\/wp-content\/uploads\/2023\/04\/DSC8122-Kelokantola-ranta-scaled.jpg\" \/>\n\t<meta property=\"og:image:width\" content=\"2560\" \/>\n\t<meta property=\"og:image:height\" content=\"1889\" \/>\n\t<meta property=\"og:image:type\" content=\"image\/jpeg\" \/>\n<meta name=\"twitter:card\" content=\"summary_large_image\" \/>\n<meta name=\"twitter:label1\" content=\"Est. reading time\" \/>\n\t<meta name=\"twitter:data1\" content=\"1 minute\" \/>\n<script type=\"application\/ld+json\" class=\"yoast-schema-graph\">{\"@context\":\"https:\/\/schema.org\",\"@graph\":[{\"@type\":\"WebPage\",\"@id\":\"https:\/\/proloma.fi\/en\/services\/\",\"url\":\"https:\/\/proloma.fi\/en\/services\/\",\"name\":\"Local, professional service - Holiday homes, Ruka-Kuusamo, Finland\",\"isPartOf\":{\"@id\":\"https:\/\/proloma.fi\/en\/#website\"},\"primaryImageOfPage\":{\"@id\":\"https:\/\/proloma.fi\/en\/services\/#primaryimage\"},\"image\":{\"@id\":\"https:\/\/proloma.fi\/en\/services\/#primaryimage\"},\"thumbnailUrl\":\"https:\/\/proloma.fi\/wp-content\/uploads\/2023\/04\/DSC8122-Kelokantola-ranta-scaled.jpg\",\"datePublished\":\"2019-09-17T05:41:34+00:00\",\"dateModified\":\"2026-02-12T07:50:18+00:00\",\"description\":\"Holiday Home Agency in Kuusamo area. Our strong, local profile guarantees you service of the best quality, quickly and efficiently at your disposal.\",\"breadcrumb\":{\"@id\":\"https:\/\/proloma.fi\/en\/services\/#breadcrumb\"},\"inLanguage\":\"en-US\",\"potentialAction\":[{\"@type\":\"ReadAction\",\"target\":[\"https:\/\/proloma.fi\/en\/services\/\"]}]},{\"@type\":\"ImageObject\",\"inLanguage\":\"en-US\",\"@id\":\"https:\/\/proloma.fi\/en\/services\/#primaryimage\",\"url\":\"https:\/\/proloma.fi\/wp-content\/uploads\/2023\/04\/DSC8122-Kelokantola-ranta-scaled.jpg\",\"contentUrl\":\"https:\/\/proloma.fi\/wp-content\/uploads\/2023\/04\/DSC8122-Kelokantola-ranta-scaled.jpg\",\"width\":2560,\"height\":1889,\"caption\":\"Rukan ja Kuusamon vuokram\u00f6kkej\u00e4 v\u00e4litt\u00e4v\u00e4 yritys\"},{\"@type\":\"BreadcrumbList\",\"@id\":\"https:\/\/proloma.fi\/en\/services\/#breadcrumb\",\"itemListElement\":[{\"@type\":\"ListItem\",\"position\":1,\"name\":\"Home\",\"item\":\"https:\/\/proloma.fi\/en\/best-holiday-homes\/\"},{\"@type\":\"ListItem\",\"position\":2,\"name\":\"Local, professional service\"}]},{\"@type\":\"WebSite\",\"@id\":\"https:\/\/proloma.fi\/en\/#website\",\"url\":\"https:\/\/proloma.fi\/en\/\",\"name\":\"ProLoma, Ruka-Kuusamo majoituspalvelut\",\"description\":\"Vuokram\u00f6kit ja -huoneistot\",\"publisher\":{\"@id\":\"https:\/\/proloma.fi\/en\/#organization\"},\"potentialAction\":[{\"@type\":\"SearchAction\",\"target\":{\"@type\":\"EntryPoint\",\"urlTemplate\":\"https:\/\/proloma.fi\/en\/?s={search_term_string}\"},\"query-input\":{\"@type\":\"PropertyValueSpecification\",\"valueRequired\":true,\"valueName\":\"search_term_string\"}}],\"inLanguage\":\"en-US\"},{\"@type\":\"Organization\",\"@id\":\"https:\/\/proloma.fi\/en\/#organization\",\"name\":\"ProLoma, Ruka-Kuusamo vuokram\u00f6kit ja huoneistot\",\"url\":\"https:\/\/proloma.fi\/en\/\",\"logo\":{\"@type\":\"ImageObject\",\"inLanguage\":\"en-US\",\"@id\":\"https:\/\/proloma.fi\/en\/#\/schema\/logo\/image\/\",\"url\":\"https:\/\/proloma.fi\/wp-content\/uploads\/2019\/09\/Proloma-logo-fi.png\",\"contentUrl\":\"https:\/\/proloma.fi\/wp-content\/uploads\/2019\/09\/Proloma-logo-fi.png\",\"width\":275,\"height\":100,\"caption\":\"ProLoma, Ruka-Kuusamo vuokram\u00f6kit ja huoneistot\"},\"image\":{\"@id\":\"https:\/\/proloma.fi\/en\/#\/schema\/logo\/image\/\"},\"sameAs\":[\"https:\/\/www.facebook.com\/proloma.fi\/\",\"https:\/\/www.instagram.com\/proloma.fi\"]}]}<\/script>\n<!-- \/ Yoast SEO Premium plugin. -->","yoast_head_json":{"title":"Local, professional service - Holiday homes, Ruka-Kuusamo, Finland","description":"Holiday Home Agency in Kuusamo area. Our strong, local profile guarantees you service of the best quality, quickly and efficiently at your disposal.","robots":{"index":"index","follow":"follow","max-snippet":"max-snippet:-1","max-image-preview":"max-image-preview:large","max-video-preview":"max-video-preview:-1"},"canonical":"https:\/\/proloma.fi\/en\/services\/","og_locale":"en_US","og_type":"article","og_title":"Local, professional service","og_description":"Holiday Home Agency in Kuusamo area. Our strong, local profile guarantees you service of the best quality, quickly and efficiently at your disposal.","og_url":"https:\/\/proloma.fi\/en\/services\/","og_site_name":"Holiday homes, Ruka-Kuusamo, Finland","article_publisher":"https:\/\/www.facebook.com\/proloma.fi\/","article_modified_time":"2026-02-12T07:50:18+00:00","og_image":[{"width":2560,"height":1889,"url":"https:\/\/proloma.fi\/wp-content\/uploads\/2023\/04\/DSC8122-Kelokantola-ranta-scaled.jpg","type":"image\/jpeg"}],"twitter_card":"summary_large_image","twitter_misc":{"Est. reading time":"1 minute"},"schema":{"@context":"https:\/\/schema.org","@graph":[{"@type":"WebPage","@id":"https:\/\/proloma.fi\/en\/services\/","url":"https:\/\/proloma.fi\/en\/services\/","name":"Local, professional service - Holiday homes, Ruka-Kuusamo, Finland","isPartOf":{"@id":"https:\/\/proloma.fi\/en\/#website"},"primaryImageOfPage":{"@id":"https:\/\/proloma.fi\/en\/services\/#primaryimage"},"image":{"@id":"https:\/\/proloma.fi\/en\/services\/#primaryimage"},"thumbnailUrl":"https:\/\/proloma.fi\/wp-content\/uploads\/2023\/04\/DSC8122-Kelokantola-ranta-scaled.jpg","datePublished":"2019-09-17T05:41:34+00:00","dateModified":"2026-02-12T07:50:18+00:00","description":"Holiday Home Agency in Kuusamo area. Our strong, local profile guarantees you service of the best quality, quickly and efficiently at your disposal.","breadcrumb":{"@id":"https:\/\/proloma.fi\/en\/services\/#breadcrumb"},"inLanguage":"en-US","potentialAction":[{"@type":"ReadAction","target":["https:\/\/proloma.fi\/en\/services\/"]}]},{"@type":"ImageObject","inLanguage":"en-US","@id":"https:\/\/proloma.fi\/en\/services\/#primaryimage","url":"https:\/\/proloma.fi\/wp-content\/uploads\/2023\/04\/DSC8122-Kelokantola-ranta-scaled.jpg","contentUrl":"https:\/\/proloma.fi\/wp-content\/uploads\/2023\/04\/DSC8122-Kelokantola-ranta-scaled.jpg","width":2560,"height":1889,"caption":"Rukan ja Kuusamon vuokram\u00f6kkej\u00e4 v\u00e4litt\u00e4v\u00e4 yritys"},{"@type":"BreadcrumbList","@id":"https:\/\/proloma.fi\/en\/services\/#breadcrumb","itemListElement":[{"@type":"ListItem","position":1,"name":"Home","item":"https:\/\/proloma.fi\/en\/best-holiday-homes\/"},{"@type":"ListItem","position":2,"name":"Local, professional service"}]},{"@type":"WebSite","@id":"https:\/\/proloma.fi\/en\/#website","url":"https:\/\/proloma.fi\/en\/","name":"ProLoma, Ruka-Kuusamo majoituspalvelut","description":"Vuokram\u00f6kit ja -huoneistot","publisher":{"@id":"https:\/\/proloma.fi\/en\/#organization"},"potentialAction":[{"@type":"SearchAction","target":{"@type":"EntryPoint","urlTemplate":"https:\/\/proloma.fi\/en\/?s={search_term_string}"},"query-input":{"@type":"PropertyValueSpecification","valueRequired":true,"valueName":"search_term_string"}}],"inLanguage":"en-US"},{"@type":"Organization","@id":"https:\/\/proloma.fi\/en\/#organization","name":"ProLoma, Ruka-Kuusamo vuokram\u00f6kit ja huoneistot","url":"https:\/\/proloma.fi\/en\/","logo":{"@type":"ImageObject","inLanguage":"en-US","@id":"https:\/\/proloma.fi\/en\/#\/schema\/logo\/image\/","url":"https:\/\/proloma.fi\/wp-content\/uploads\/2019\/09\/Proloma-logo-fi.png","contentUrl":"https:\/\/proloma.fi\/wp-content\/uploads\/2019\/09\/Proloma-logo-fi.png","width":275,"height":100,"caption":"ProLoma, Ruka-Kuusamo vuokram\u00f6kit ja huoneistot"},"image":{"@id":"https:\/\/proloma.fi\/en\/#\/schema\/logo\/image\/"},"sameAs":["https:\/\/www.facebook.com\/proloma.fi\/","https:\/\/www.instagram.com\/proloma.fi"]}]}},"_links":{"self":[{"href":"https:\/\/proloma.fi\/en\/wp-json\/wp\/v2\/pages\/230","targetHints":{"allow":["GET"]}}],"collection":[{"href":"https:\/\/proloma.fi\/en\/wp-json\/wp\/v2\/pages"}],"about":[{"href":"https:\/\/proloma.fi\/en\/wp-json\/wp\/v2\/types\/page"}],"author":[{"embeddable":true,"href":"https:\/\/proloma.fi\/en\/wp-json\/wp\/v2\/users\/1"}],"replies":[{"embeddable":true,"href":"https:\/\/proloma.fi\/en\/wp-json\/wp\/v2\/comments?post=230"}],"version-history":[{"count":0,"href":"https:\/\/proloma.fi\/en\/wp-json\/wp\/v2\/pages\/230\/revisions"}],"wp:featuredmedia":[{"embeddable":true,"href":"https:\/\/proloma.fi\/en\/wp-json\/wp\/v2\/media\/122026"}],"wp:attachment":[{"href":"https:\/\/proloma.fi\/en\/wp-json\/wp\/v2\/media?parent=230"}],"curies":[{"name":"wp","href":"https:\/\/api.w.org\/{rel}","templated":true}]}}